{"id":94,"date":"2023-01-05T13:26:12","date_gmt":"2023-01-05T13:26:12","guid":{"rendered":"https:\/\/beta.splaudiosistemas.com\/?page_id=94"},"modified":"2023-01-12T18:16:56","modified_gmt":"2023-01-12T18:16:56","slug":"sonorizacion","status":"publish","type":"page","link":"https:\/\/beta.splaudiosistemas.com\/index.php\/servicios\/sonorizacion\/","title":{"rendered":"Sonorizaci\u00f3n"},"content":{"rendered":"<p>[et_pb_section fb_built=\u00bb1&#8243; _builder_version=\u00bb4.19.4&#8243; _module_preset=\u00bbdefault\u00bb background_image=\u00bbhttps:\/\/beta.splaudiosistemas.com\/wp-content\/uploads\/2023\/01\/fondo1-scaled.webp\u00bb hover_enabled=\u00bb0&#8243; global_colors_info=\u00bb{}\u00bb height=\u00bb500px\u00bb sticky_enabled=\u00bb0&#8243;][et_pb_row _builder_version=\u00bb4.19.4&#8243; _module_preset=\u00bbdefault\u00bb hover_enabled=\u00bb0&#8243; global_colors_info=\u00bb{}\u00bb sticky_enabled=\u00bb0&#8243;][et_pb_column type=\u00bb4_4&#8243; _builder_version=\u00bb4.19.4&#8243; _module_preset=\u00bbdefault\u00bb global_colors_info=\u00bb{}\u00bb][et_pb_divider _builder_version=\u00bb4.19.4&#8243; _module_preset=\u00bbdefault\u00bb module_alignment=\u00bbcenter\u00bb width=\u00bb30%\u00bb hover_enabled=\u00bb0&#8243; sticky_enabled=\u00bb0&#8243; show_divider=\u00bboff\u00bb custom_margin=\u00bb96px|||||\u00bb][\/et_pb_divider][et_pb_text _builder_version=\u00bb4.19.4&#8243; _module_preset=\u00bbdefault\u00bb text_text_color=\u00bb#FFFFFF\u00bb text_font_size=\u00bb70px\u00bb hover_enabled=\u00bb0&#8243; sticky_enabled=\u00bb0&#8243; text_text_shadow_style=\u00bbpreset1&#8243; text_text_shadow_horizontal_length=\u00bb0.08em\u00bb]<\/p>\n<p style=\"text-align: center;\">Sonorizaci\u00f3n<\/p>\n<p>[\/et_pb_text][et_pb_divider _builder_version=\u00bb4.19.4&#8243; _module_preset=\u00bbdefault\u00bb color=\u00bb#ff5f58&#8243; module_alignment=\u00bbcenter\u00bb width=\u00bb30%\u00bb hover_enabled=\u00bb0&#8243; sticky_enabled=\u00bb0&#8243; min_height=\u00bb4.8px\u00bb custom_padding=\u00bb||0px|||\u00bb custom_margin=\u00bb||-4px|||\u00bb][\/et_pb_divider][et_pb_text _builder_version=\u00bb4.19.4&#8243; _module_preset=\u00bbdefault\u00bb text_text_color=\u00bb#FFFFFF\u00bb text_text_shadow_style=\u00bbpreset1&#8243; text_text_shadow_horizontal_length=\u00bb0.01em\u00bb text_font_size=\u00bb17px\u00bb hover_enabled=\u00bb0&#8243; sticky_enabled=\u00bb0&#8243;]<\/p>\n<p style=\"text-align: center;\">Hacemos que suene bien.<\/p>\n<p>[\/et_pb_text][et_pb_text _builder_version=\u00bb4.19.4&#8243; _module_preset=\u00bbdefault\u00bb text_text_color=\u00bb#FFFFFF\u00bb text_font_size=\u00bb70px\u00bb hover_enabled=\u00bb0&#8243; sticky_enabled=\u00bb0&#8243;][\/et_pb_text][\/et_pb_column][\/et_pb_row][\/et_pb_section][et_pb_section fb_built=\u00bb1&#8243; _builder_version=\u00bb4.19.4&#8243; _module_preset=\u00bbdefault\u00bb background_color=\u00bb#000000&#8243; background_enable_image=\u00bboff\u00bb global_colors_info=\u00bb{}\u00bb][et_pb_row column_structure=\u00bb1_2,1_2&#8243; _builder_version=\u00bb4.19.4&#8243; _module_preset=\u00bbdefault\u00bb global_colors_info=\u00bb{}\u00bb][et_pb_column type=\u00bb1_2&#8243; _builder_version=\u00bb4.19.4&#8243; _module_preset=\u00bbdefault\u00bb global_colors_info=\u00bb{}\u00bb][et_pb_text _builder_version=\u00bb4.19.4&#8243; _module_preset=\u00bbdefault\u00bb text_text_color=\u00bb#aa0a2a\u00bb text_font_size=\u00bb35px\u00bb global_colors_info=\u00bb{}\u00bb]<\/p>\n<p><strong>Servicios Audiovisuales.<\/strong><\/p>\n<p>[\/et_pb_text][et_pb_text _builder_version=\u00bb4.19.4&#8243; _module_preset=\u00bbdefault\u00bb text_text_color=\u00bb#aa0a2a\u00bb text_font_size=\u00bb20px\u00bb global_colors_info=\u00bb{}\u00bb]<\/p>\n<p style=\"text-align: justify;\">Soporte t\u00e9cnico, instalaci\u00f3n y mantenimiento, alquiler y montaje de soluciones audiovisuales.<\/p>\n<p>[\/et_pb_text][\/et_pb_column][et_pb_column type=\u00bb1_2&#8243; _builder_version=\u00bb4.19.4&#8243; _module_preset=\u00bbdefault\u00bb global_colors_info=\u00bb{}\u00bb][et_pb_text _builder_version=\u00bb4.19.4&#8243; _module_preset=\u00bbdefault\u00bb text_text_color=\u00bb#FFFFFF\u00bb text_letter_spacing=\u00bb1px\u00bb global_colors_info=\u00bb{}\u00bb]<\/p>\n<p style=\"text-align: justify;\">En SPL Audiosistemas ofrecemos un servicio personalizado para cada uno de nuestros clientes con las mejores marcas del mercado adaptando cada proyecto a sus necesidades . Desde el estudio ac\u00fastico para la sonorizaci\u00f3n de espacios, ajuste de equipos ya instalados, reparaci\u00f3n y mantenimiento de equipos audiovisuales o la restauraci\u00f3n de material audiovisual.<\/p>\n<p>[\/et_pb_text][\/et_pb_column][\/et_pb_row][\/et_pb_section]<\/p>\n","protected":false},"excerpt":{"rendered":"<p>Sonorizaci\u00f3nHacemos que suene bien.Servicios Audiovisuales.Soporte t\u00e9cnico, instalaci\u00f3n y mantenimiento, alquiler y montaje de soluciones audiovisuales.En SPL Audiosistemas ofrecemos un servicio personalizado para cada uno de nuestros clientes con las mejores marcas del mercado adaptando cada proyecto a sus necesidades . Desde el estudio ac\u00fastico para la sonorizaci\u00f3n de espacios, ajuste de equipos ya instalados, reparaci\u00f3n [&hellip;]<\/p>\n","protected":false},"author":1,"featured_media":0,"parent":78,"menu_order":0,"comment_status":"closed","ping_status":"closed","template":"","meta":{"_et_pb_use_builder":"on","_et_pb_old_content":"","_et_gb_content_width":"","footnotes":""},"class_list":["post-94","page","type-page","status-publish","hentry"],"_links":{"self":[{"href":"https:\/\/beta.splaudiosistemas.com\/index.php\/wp-json\/wp\/v2\/pages\/94","targetHints":{"allow":["GET"]}}],"collection":[{"href":"https:\/\/beta.splaudiosistemas.com\/index.php\/wp-json\/wp\/v2\/pages"}],"about":[{"href":"https:\/\/beta.splaudiosistemas.com\/index.php\/wp-json\/wp\/v2\/types\/page"}],"author":[{"embeddable":true,"href":"https:\/\/beta.splaudiosistemas.com\/index.php\/wp-json\/wp\/v2\/users\/1"}],"replies":[{"embeddable":true,"href":"https:\/\/beta.splaudiosistemas.com\/index.php\/wp-json\/wp\/v2\/comments?post=94"}],"version-history":[{"count":4,"href":"https:\/\/beta.splaudiosistemas.com\/index.php\/wp-json\/wp\/v2\/pages\/94\/revisions"}],"predecessor-version":[{"id":155,"href":"https:\/\/beta.splaudiosistemas.com\/index.php\/wp-json\/wp\/v2\/pages\/94\/revisions\/155"}],"up":[{"embeddable":true,"href":"https:\/\/beta.splaudiosistemas.com\/index.php\/wp-json\/wp\/v2\/pages\/78"}],"wp:attachment":[{"href":"https:\/\/beta.splaudiosistemas.com\/index.php\/wp-json\/wp\/v2\/media?parent=94"}],"curies":[{"name":"wp","href":"https:\/\/api.w.org\/{rel}","templated":true}]}}