{"id":74,"date":"2023-01-05T13:17:37","date_gmt":"2023-01-05T13:17:37","guid":{"rendered":"https:\/\/beta.splaudiosistemas.com\/?page_id=74"},"modified":"2023-01-12T18:08:11","modified_gmt":"2023-01-12T18:08:11","slug":"quienes-somos","status":"publish","type":"page","link":"https:\/\/beta.splaudiosistemas.com\/index.php\/quienes-somos\/","title":{"rendered":"Qui\u00e9nes Somos"},"content":{"rendered":"<p>[et_pb_section fb_built=\u00bb1&#8243; _builder_version=\u00bb4.19.4&#8243; _module_preset=\u00bbdefault\u00bb background_image=\u00bbhttps:\/\/beta.splaudiosistemas.com\/wp-content\/uploads\/2023\/01\/fondo1-scaled.webp\u00bb min_height=\u00bb500px\u00bb global_colors_info=\u00bb{}\u00bb][et_pb_row _builder_version=\u00bb4.19.4&#8243; _module_preset=\u00bbdefault\u00bb global_colors_info=\u00bb{}\u00bb][et_pb_column type=\u00bb4_4&#8243; _builder_version=\u00bb4.19.4&#8243; _module_preset=\u00bbdefault\u00bb global_colors_info=\u00bb{}\u00bb][et_pb_text _builder_version=\u00bb4.19.4&#8243; _module_preset=\u00bbdefault\u00bb text_text_color=\u00bb#FFFFFF\u00bb text_font_size=\u00bb26px\u00bb text_orientation=\u00bbcenter\u00bb global_colors_info=\u00bb{}\u00bb]<\/p>\n<p>&nbsp;<\/p>\n<p><span style=\"font-size: xx-large;\"><strong>SOBRE NOSOTROS<\/strong><\/span><\/p>\n<p>SPL Audio Sistemas da la misma importancia a la calidad de<\/p>\n<p>los equipos como al buen asesoramiento, servicios<\/p>\n<p>de mantenimiento y reparaci\u00f3n<\/p>\n<p>&nbsp;<\/p>\n<p>[\/et_pb_text][\/et_pb_column][\/et_pb_row][\/et_pb_section][et_pb_section fb_built=\u00bb1&#8243; _builder_version=\u00bb4.19.4&#8243; _module_preset=\u00bbdefault\u00bb background_color=\u00bb#000000&#8243; background_enable_image=\u00bboff\u00bb global_colors_info=\u00bb{}\u00bb][et_pb_row _builder_version=\u00bb4.19.4&#8243; _module_preset=\u00bbdefault\u00bb global_colors_info=\u00bb{}\u00bb][et_pb_column type=\u00bb4_4&#8243; _builder_version=\u00bb4.19.4&#8243; _module_preset=\u00bbdefault\u00bb global_colors_info=\u00bb{}\u00bb][et_pb_text _builder_version=\u00bb4.19.4&#8243; _module_preset=\u00bbdefault\u00bb text_text_color=\u00bb#ff5f58&#8243; text_font_size=\u00bb40px\u00bb custom_padding=\u00bb2px|||||\u00bb global_colors_info=\u00bb{}\u00bb]<\/p>\n<p style=\"text-align: center;\"><strong>QUIENES SOMOS<\/strong><\/p>\n<p>[\/et_pb_text][et_pb_divider color=\u00bb#ff5f58&#8243; divider_weight=\u00bb1px\u00bb _builder_version=\u00bb4.19.4&#8243; _module_preset=\u00bbdefault\u00bb global_colors_info=\u00bb{}\u00bb][\/et_pb_divider][et_pb_text _builder_version=\u00bb4.19.4&#8243; _module_preset=\u00bbdefault\u00bb text_font=\u00bb||||||||\u00bb text_text_color=\u00bb#FFFFFF\u00bb text_font_size=\u00bb22px\u00bb text_letter_spacing=\u00bb1px\u00bb text_line_height=\u00bb1.8em\u00bb width=\u00bb80%\u00bb module_alignment=\u00bbcenter\u00bb global_colors_info=\u00bb{}\u00bb]<\/p>\n<p style=\"text-align: justify;\">SPL Audio Sistemas nace en 2017 como empresa de instalaci\u00f3n y servicio t\u00e9cnico de sistemas audiovisuales en la Costa del Sol, m\u00e1s concretamente en Marbella, dando cobertura a clientes de toda la comunidad de M\u00e1laga y alrededores.<\/p>\n<p style=\"text-align: justify;\">Desde el principio, nuestro compromiso es el de ofrecer el mejor servicio a cada uno de nuestros clientes tanto en instalaciones nuevas de sistemas de sonido o de iluminaci\u00f3n espectacular como el re-acondicionamiento de aquellos sistemas ya instalados previamente, incluyendo en estos casos la restauraci\u00f3n, si es necesaria, de los equipos que la puedan necesitar poni\u00e9ndolos en las mejores condiciones de funcionamiento, d\u00e1ndoles una nueva vida \u00fatil.<\/p>\n<p>[\/et_pb_text][\/et_pb_column][\/et_pb_row][\/et_pb_section][et_pb_section fb_built=\u00bb1&#8243; _builder_version=\u00bb4.19.4&#8243; _module_preset=\u00bbdefault\u00bb background_image=\u00bbhttps:\/\/beta.splaudiosistemas.com\/wp-content\/uploads\/2023\/01\/ppadre-1024&#215;683-1.webp\u00bb global_colors_info=\u00bb{}\u00bb][et_pb_row column_structure=\u00bb1_2,1_2&#8243; _builder_version=\u00bb4.19.4&#8243; _module_preset=\u00bbdefault\u00bb hover_enabled=\u00bb0&#8243; global_colors_info=\u00bb{}\u00bb width=\u00bb90%\u00bb sticky_enabled=\u00bb0&#8243;][et_pb_column type=\u00bb1_2&#8243; _builder_version=\u00bb4.19.4&#8243; _module_preset=\u00bbdefault\u00bb global_colors_info=\u00bb{}\u00bb][\/et_pb_column][et_pb_column type=\u00bb1_2&#8243; _builder_version=\u00bb4.19.4&#8243; _module_preset=\u00bbdefault\u00bb global_colors_info=\u00bb{}\u00bb][et_pb_text _builder_version=\u00bb4.19.4&#8243; _module_preset=\u00bbdefault\u00bb text_text_color=\u00bb#FFFFFF\u00bb hover_enabled=\u00bb0&#8243; global_colors_info=\u00bb{}\u00bb text_font=\u00bb|||||on|||\u00bb custom_margin=\u00bb0px|||0px|false|false\u00bb background_color=\u00bbrgba(38,38,38,0.61)\u00bb text_font_size=\u00bb22px\u00bb custom_padding=\u00bb40px|40px|40px|40px|false|false\u00bb text_line_height=\u00bb1.8em\u00bb sticky_enabled=\u00bb0&#8243;]<\/p>\n<p style=\"text-align: justify;\">Actualmente no se concibe un negocio cara al p\u00fablico, no solo aquellos catalogados como bares o discotecas, sin m\u00fasica que pueda hacer m\u00e1s agradable la experiencia de los clientes y por ello es tan importante hacer un buen estudio de cada uno de los proyectos donde determinar tanto el nivel sonoro al que se desea trabajar, dependiendo siempre de a qu\u00e9 tipo de p\u00fablico va enfocado, como del mejor sistema a emplear.<\/p>\n<p>[\/et_pb_text][\/et_pb_column][\/et_pb_row][\/et_pb_section][et_pb_section fb_built=\u00bb1&#8243; _builder_version=\u00bb4.19.4&#8243; _module_preset=\u00bbdefault\u00bb background_color=\u00bb#000000&#8243; background_enable_image=\u00bboff\u00bb global_colors_info=\u00bb{}\u00bb][et_pb_row _builder_version=\u00bb4.19.4&#8243; _module_preset=\u00bbdefault\u00bb global_colors_info=\u00bb{}\u00bb][et_pb_column type=\u00bb4_4&#8243; _builder_version=\u00bb4.19.4&#8243; _module_preset=\u00bbdefault\u00bb global_colors_info=\u00bb{}\u00bb][et_pb_text _builder_version=\u00bb4.19.4&#8243; _module_preset=\u00bbdefault\u00bb text_text_color=\u00bb#FFFFFF\u00bb text_font_size=\u00bb30px\u00bb custom_padding=\u00bb2px|||||\u00bb hover_enabled=\u00bb0&#8243; global_colors_info=\u00bb{}\u00bb sticky_enabled=\u00bb0&#8243;]<\/p>\n<p style=\"text-align: center;\"><strong>Empresas Colaboradoras<\/strong><\/p>\n<p>[\/et_pb_text][et_pb_text _builder_version=\u00bb4.19.4&#8243; _module_preset=\u00bbdefault\u00bb text_text_color=\u00bb#FFFFFF\u00bb text_font_size=\u00bb20px\u00bb text_line_height=\u00bb1.8em\u00bb hover_enabled=\u00bb0&#8243; sticky_enabled=\u00bb0&#8243;]<\/p>\n<p>En SPL Audio Sistemas nos comprometemos a ofrecer soluciones creativas y escalables para todos. Todos nuestros clientes son \u00fanicos y nuestros servicios son altamente personalizables. Para ofrecer todo lo que nuestros clientes puedan necesitar contamos con una serie de empresas colaboradoras.<\/p>\n<p>[\/et_pb_text][et_pb_divider _builder_version=\u00bb4.19.4&#8243; _module_preset=\u00bbdefault\u00bb show_divider=\u00bboff\u00bb hover_enabled=\u00bb0&#8243; sticky_enabled=\u00bb0&#8243;][\/et_pb_divider][\/et_pb_column][\/et_pb_row][et_pb_row _builder_version=\u00bb4.19.4&#8243; _module_preset=\u00bbdefault\u00bb column_structure=\u00bb1_3,1_3,1_3&#8243;][et_pb_column _builder_version=\u00bb4.19.4&#8243; _module_preset=\u00bbdefault\u00bb type=\u00bb1_3&#8243;][et_pb_image src=\u00bbhttps:\/\/beta.splaudiosistemas.com\/wp-content\/uploads\/2023\/01\/instalaciones-electricas-marbella-instal.webp\u00bb _builder_version=\u00bb4.19.4&#8243; _module_preset=\u00bbdefault\u00bb title_text=\u00bbinstalaciones-electricas-marbella-instal\u00bb hover_enabled=\u00bb0&#8243; sticky_enabled=\u00bb0&#8243; align=\u00bbcenter\u00bb][\/et_pb_image][et_pb_text _builder_version=\u00bb4.19.4&#8243; _module_preset=\u00bbdefault\u00bb text_text_color=\u00bb#FFFFFF\u00bb text_font_size=\u00bb16px\u00bb text_letter_spacing=\u00bb2px\u00bb hover_enabled=\u00bb0&#8243; sticky_enabled=\u00bb0&#8243; custom_padding=\u00bb|20px||20px|false|false\u00bb custom_margin=\u00bb41px||||false|false\u00bb]<\/p>\n<p style=\"text-align: justify;\">INSTALMAR es una empresa de instalaciones el\u00e9ctricas y su mantenimiento con mas de 15 a\u00f1os de experiencia en la ciudad de Marbella.<\/p>\n<p>[\/et_pb_text][\/et_pb_column][et_pb_column _builder_version=\u00bb4.19.4&#8243; _module_preset=\u00bbdefault\u00bb type=\u00bb1_3&#8243;][et_pb_image src=\u00bbhttps:\/\/beta.splaudiosistemas.com\/wp-content\/uploads\/2023\/01\/logotipoDB.webp\u00bb _builder_version=\u00bb4.19.4&#8243; _module_preset=\u00bbdefault\u00bb title_text=\u00bblogotipoDB\u00bb hover_enabled=\u00bb0&#8243; sticky_enabled=\u00bb0&#8243; align=\u00bbcenter\u00bb][\/et_pb_image][et_pb_text _builder_version=\u00bb4.19.4&#8243; _module_preset=\u00bbdefault\u00bb text_text_color=\u00bb#FFFFFF\u00bb text_font_size=\u00bb16px\u00bb text_letter_spacing=\u00bb3px\u00bb hover_enabled=\u00bb0&#8243; sticky_enabled=\u00bb0&#8243; custom_padding=\u00bb|20px||20px|false|false\u00bb custom_margin=\u00bb40px||||false|false\u00bb]<\/p>\n<p style=\"text-align: justify;\">DB Estudios Acusitos es una empresa especializada en estudios ac\u00fasticos tanto ambientales como arquitect\u00f3nicos.<\/p>\n<p>[\/et_pb_text][\/et_pb_column][et_pb_column _builder_version=\u00bb4.19.4&#8243; _module_preset=\u00bbdefault\u00bb type=\u00bb1_3&#8243;][et_pb_image src=\u00bbhttps:\/\/beta.splaudiosistemas.com\/wp-content\/uploads\/2023\/01\/CMV.webp\u00bb _builder_version=\u00bb4.19.4&#8243; _module_preset=\u00bbdefault\u00bb title_text=\u00bbCMV\u00bb width=\u00bb25%\u00bb hover_enabled=\u00bb0&#8243; sticky_enabled=\u00bb0&#8243; align=\u00bbcenter\u00bb][\/et_pb_image][et_pb_text _builder_version=\u00bb4.19.4&#8243; _module_preset=\u00bbdefault\u00bb text_text_color=\u00bb#FFFFFF\u00bb text_font_size=\u00bb16px\u00bb text_letter_spacing=\u00bb2px\u00bb hover_enabled=\u00bb0&#8243; sticky_enabled=\u00bb0&#8243; custom_padding=\u00bb14px|20px||20px|false|false\u00bb custom_margin=\u00bb0px||||false|false\u00bb]<\/p>\n<p style=\"text-align: justify;\">CMV Technology es una empresa dedicada a la venta, servicio y mantenimiento en el \u00e1rea inform\u00e1tica y de seguridad.<\/p>\n<p>[\/et_pb_text][\/et_pb_column][\/et_pb_row][et_pb_row _builder_version=\u00bb4.19.4&#8243; _module_preset=\u00bbdefault\u00bb][et_pb_column _builder_version=\u00bb4.19.4&#8243; _module_preset=\u00bbdefault\u00bb type=\u00bb4_4&#8243;][\/et_pb_column][\/et_pb_row][\/et_pb_section][et_pb_section fb_built=\u00bb1&#8243; _builder_version=\u00bb4.19.4&#8243; _module_preset=\u00bbdefault\u00bb background_image=\u00bbhttps:\/\/beta.splaudiosistemas.com\/wp-content\/uploads\/2023\/01\/mamzel003.webp\u00bb hover_enabled=\u00bb0&#8243; global_colors_info=\u00bb{}\u00bb title_text=\u00bbmamzel003&#8243; sticky_enabled=\u00bb0&#8243;][et_pb_row column_structure=\u00bb1_2,1_2&#8243; _builder_version=\u00bb4.19.4&#8243; _module_preset=\u00bbdefault\u00bb hover_enabled=\u00bb0&#8243; global_colors_info=\u00bb{}\u00bb width=\u00bb90%\u00bb sticky_enabled=\u00bb0&#8243;][et_pb_column type=\u00bb1_2&#8243; _builder_version=\u00bb4.19.4&#8243; _module_preset=\u00bbdefault\u00bb global_colors_info=\u00bb{}\u00bb][et_pb_text _builder_version=\u00bb4.19.4&#8243; _module_preset=\u00bbdefault\u00bb text_text_color=\u00bb#FFFFFF\u00bb hover_enabled=\u00bb0&#8243; global_colors_info=\u00bb{}\u00bb text_font=\u00bb|||||on|||\u00bb custom_margin=\u00bb0px|||0px|false|false\u00bb background_color=\u00bbrgba(38,38,38,0.61)\u00bb text_font_size=\u00bb22px\u00bb custom_padding=\u00bb40px|40px|40px|40px|false|false\u00bb text_line_height=\u00bb1.8em\u00bb sticky_enabled=\u00bb0&#8243;]<\/p>\n<p>Desde SPL Audiosistemas ofrecemos todos los servicios necesarios para que tu local o evento luzca de la manera mas impactante con la tecnolog\u00eda mas innovadora del mercado.<\/p>\n<p>Contamos con un equipo de profesionales para que no se nos escape ning\u00fan detalle que nuestros clientes tengan en mente.<\/p>\n<p>[\/et_pb_text][\/et_pb_column][et_pb_column type=\u00bb1_2&#8243; _builder_version=\u00bb4.19.4&#8243; _module_preset=\u00bbdefault\u00bb global_colors_info=\u00bb{}\u00bb][\/et_pb_column][\/et_pb_row][\/et_pb_section]<\/p>\n","protected":false},"excerpt":{"rendered":"<p>&nbsp; SOBRE NOSOTROS SPL Audio Sistemas da la misma importancia a la calidad de los equipos como al buen asesoramiento, servicios de mantenimiento y reparaci\u00f3n &nbsp;QUIENES SOMOSSPL Audio Sistemas nace en 2017 como empresa de instalaci\u00f3n y servicio t\u00e9cnico de sistemas audiovisuales en la Costa del Sol, m\u00e1s concretamente en Marbella, dando cobertura a clientes [&hellip;]<\/p>\n","protected":false},"author":1,"featured_media":0,"parent":0,"menu_order":0,"comment_status":"closed","ping_status":"closed","template":"","meta":{"_et_pb_use_builder":"on","_et_pb_old_content":"","_et_gb_content_width":"","footnotes":""},"class_list":["post-74","page","type-page","status-publish","hentry"],"_links":{"self":[{"href":"https:\/\/beta.splaudiosistemas.com\/index.php\/wp-json\/wp\/v2\/pages\/74","targetHints":{"allow":["GET"]}}],"collection":[{"href":"https:\/\/beta.splaudiosistemas.com\/index.php\/wp-json\/wp\/v2\/pages"}],"about":[{"href":"https:\/\/beta.splaudiosistemas.com\/index.php\/wp-json\/wp\/v2\/types\/page"}],"author":[{"embeddable":true,"href":"https:\/\/beta.splaudiosistemas.com\/index.php\/wp-json\/wp\/v2\/users\/1"}],"replies":[{"embeddable":true,"href":"https:\/\/beta.splaudiosistemas.com\/index.php\/wp-json\/wp\/v2\/comments?post=74"}],"version-history":[{"count":9,"href":"https:\/\/beta.splaudiosistemas.com\/index.php\/wp-json\/wp\/v2\/pages\/74\/revisions"}],"predecessor-version":[{"id":152,"href":"https:\/\/beta.splaudiosistemas.com\/index.php\/wp-json\/wp\/v2\/pages\/74\/revisions\/152"}],"wp:attachment":[{"href":"https:\/\/beta.splaudiosistemas.com\/index.php\/wp-json\/wp\/v2\/media?parent=74"}],"curies":[{"name":"wp","href":"https:\/\/api.w.org\/{rel}","templated":true}]}}