{"id":132,"date":"2023-01-12T17:18:20","date_gmt":"2023-01-12T17:18:20","guid":{"rendered":"https:\/\/beta.splaudiosistemas.com\/?page_id=132"},"modified":"2023-01-12T17:19:04","modified_gmt":"2023-01-12T17:19:04","slug":"aviso_legal","status":"publish","type":"page","link":"https:\/\/beta.splaudiosistemas.com\/index.php\/aviso_legal\/","title":{"rendered":"Aviso Legal"},"content":{"rendered":"<p>[et_pb_section fb_built=\u00bb1&#8243; _builder_version=\u00bb4.19.4&#8243; _module_preset=\u00bbdefault\u00bb background_image=\u00bbhttps:\/\/beta.splaudiosistemas.com\/wp-content\/uploads\/2023\/01\/fondo1-scaled.webp\u00bb height=\u00bb500px\u00bb max_height=\u00bb565px\u00bb global_colors_info=\u00bb{}\u00bb theme_builder_area=\u00bbpost_content\u00bb][et_pb_row _builder_version=\u00bb4.19.4&#8243; _module_preset=\u00bbdefault\u00bb global_colors_info=\u00bb{}\u00bb theme_builder_area=\u00bbpost_content\u00bb][et_pb_column type=\u00bb4_4&#8243; _builder_version=\u00bb4.19.4&#8243; _module_preset=\u00bbdefault\u00bb global_colors_info=\u00bb{}\u00bb theme_builder_area=\u00bbpost_content\u00bb][et_pb_divider show_divider=\u00bboff\u00bb _builder_version=\u00bb4.19.4&#8243; _module_preset=\u00bbdefault\u00bb min_height=\u00bb69.8px\u00bb global_colors_info=\u00bb{}\u00bb theme_builder_area=\u00bbpost_content\u00bb][\/et_pb_divider][et_pb_divider _builder_version=\u00bb4.19.4&#8243; _module_preset=\u00bbdefault\u00bb hover_enabled=\u00bb0&#8243; global_colors_info=\u00bb{}\u00bb theme_builder_area=\u00bbpost_content\u00bb custom_margin=\u00bb22px|||||\u00bb show_divider=\u00bboff\u00bb sticky_enabled=\u00bb0&#8243; custom_padding=\u00bb||36px|||\u00bb][\/et_pb_divider][et_pb_text _builder_version=\u00bb4.19.4&#8243; _module_preset=\u00bbdefault\u00bb text_text_color=\u00bb#FFFFFF\u00bb text_font_size=\u00bb76px\u00bb animation_style=\u00bbfade\u00bb animation_duration=\u00bb1650ms\u00bb hover_transition_duration=\u00bb900ms\u00bb hover_transition_delay=\u00bb50ms\u00bb hover_enabled=\u00bb0&#8243; global_colors_info=\u00bb{}\u00bb theme_builder_area=\u00bbpost_content\u00bb sticky_enabled=\u00bb0&#8243;]<\/p>\n<p style=\"text-align: center;\"><strong>Aviso Legal<\/strong><strong><\/strong><\/p>\n<p>[\/et_pb_text][et_pb_divider color=\u00bb#FFFFFF\u00bb _builder_version=\u00bb4.19.4&#8243; _module_preset=\u00bbdefault\u00bb global_colors_info=\u00bb{}\u00bb theme_builder_area=\u00bbpost_content\u00bb][\/et_pb_divider][\/et_pb_column][\/et_pb_row][\/et_pb_section][et_pb_section fb_built=\u00bb1&#8243; _builder_version=\u00bb4.19.4&#8243; _module_preset=\u00bbdefault\u00bb background_color=\u00bb#000000&#8243; background_enable_image=\u00bboff\u00bb global_colors_info=\u00bb{}\u00bb theme_builder_area=\u00bbpost_content\u00bb][et_pb_row _builder_version=\u00bb4.19.4&#8243; _module_preset=\u00bbdefault\u00bb theme_builder_area=\u00bbpost_content\u00bb][et_pb_column _builder_version=\u00bb4.19.4&#8243; _module_preset=\u00bbdefault\u00bb type=\u00bb4_4&#8243; theme_builder_area=\u00bbpost_content\u00bb][et_pb_text _builder_version=\u00bb4.19.4&#8243; _module_preset=\u00bbdefault\u00bb theme_builder_area=\u00bbpost_content\u00bb hover_enabled=\u00bb0&#8243; sticky_enabled=\u00bb0&#8243;]<\/p>\n<p class=\"font_8\">Este Aviso Legal tiene el objetivo de informarte de tus derechos y obligaciones como usuario de este sitio web. Aqu\u00ed encontrar\u00e1s toda la informaci\u00f3n que necesitas sobre este sitio web, su actividad, los datos personales que recaba y su finalidad, as\u00ed como las normas de uso que regulan el uso de esta web.<\/p>\n<p class=\"font_8\">En el momento en que accedas a este sitio web\u00a0<span><a href=\"https:\/\/www.splaudiosistemas.com\/\" target=\"_blank\" rel=\"noopener\">https:\/\/www.splaudiosistemas.com<\/a><\/span>,\u00a0asumes la condici\u00f3n de usuario, por lo que el contenido de este Aviso Legal te afecta directamente. Por eso, es importante que lo leas para disipar cualquier duda que puedas tener y tener conocimiento de causa sobre las condiciones que est\u00e1s aceptando.<\/p>\n<p class=\"font_8\"><span class=\"wixGuard\">\u200b<\/span><\/p>\n<p class=\"font_8\">Para empezar, debes saber que este sitio web cumple con las normativas vigentes en materia de protecci\u00f3n de datos, con el objetivo de aportarte las garant\u00edas, la seguridad y la transparencia que, como usuario te corresponden, a la hora de utilizar esta web.<\/p>\n<p class=\"font_8\"><span class=\"wixGuard\">\u200b<\/span><\/p>\n<p class=\"font_8\">El\u00a0RGPD\u00a0(Reglamento (UE) 2016\/679 del Parlamento Europeo y del Consejo de 27 de abril de 2016 relativo a la protecci\u00f3n de las personas f\u00edsicas)\u00a0que es la nueva normativa de la Uni\u00f3n Europea que unifica la regulaci\u00f3n del tratamiento de los datos personales en los distintos pa\u00edses de la UE.<\/p>\n<p class=\"font_8\"><span class=\"wixGuard\">\u200b<\/span><\/p>\n<p class=\"font_8\">La\u00a0LOPD\u00a0(Ley Org\u00e1nica 15\/1999, de 13 de diciembre, de Protecci\u00f3n de Datos de Car\u00e1cter Personal\u00a0y\u00a0Real Decreto 1720\/2007, de 21 de diciembre, el Reglamento de desarrollo de la LOPD) que regula el tratamiento de los datos personales y las obligaciones que debemos asumir los responsables de una web o un blog a la hora de gestionar esta informaci\u00f3n.<\/p>\n<p class=\"font_8\"><span class=\"wixGuard\">\u200b<\/span><\/p>\n<p class=\"font_8\">La\u00a0LSSI\u00a0(Ley 34\/2002, de 11 de julio, de Servicios de la Sociedad de la Informaci\u00f3n y Comercio Electr\u00f3nico)\u00a0que regula las transacciones econ\u00f3micas mediante medios electr\u00f3nicos, como es el caso de este blog.<\/p>\n<p class=\"font_8\"><span class=\"wixGuard\">\u200b<\/span><\/p>\n<p class=\"font_8\">DATOS DE IDENTIFICACI\u00d3N<\/p>\n<p class=\"font_8\">El responsable y titular de la empresa vinculada a este sitio web es\u00a0Nicolas Silva Jeppesen\u00a0(en adelante\u00a0SPL CEO).<\/p>\n<ul class=\"font_8\">\n<li>\n<p class=\"font_8\">Nombre:\u00a0Nicolas Silva Jeppesen<\/p>\n<\/li>\n<li>\n<p class=\"font_8\">NIF:\u00a025722818D<\/p>\n<\/li>\n<li>\n<p class=\"font_8\">Domicilio Social:\u00a0Calle Diamante 40, Pol\u00edgono Industrial la Ermita 29603, Marbella<\/p>\n<\/li>\n<li>\n<p class=\"font_8\">Actividad del sitio web: Escaparate virtual de la empresa como m\u00e9todo de captaci\u00f3n de clientes v\u00eda internet.<\/p>\n<\/li>\n<li>\n<p class=\"font_8\">Correo electr\u00f3nico:\u00a0<span><a href=\"mailto:info@splaudiosistemas.com\" target=\"_self\" rel=\"noopener\">info@splaudiosistemas.com<\/a><\/span><\/p>\n<\/li>\n<\/ul>\n<p class=\"font_8\">Los datos que nos facilites con tu consentimiento, y de acuerdo al uso establecido en nuestra Pol\u00edtica de Privacidad, ser\u00e1n incorporados a un fichero automatizado debidamente inscrito en la Agencia Espa\u00f1ola de Protecci\u00f3n de Datos, en el que el responsable de dicho fichero es:\u00a0SPL\u00a0CEO.\u00a0Esto quiere decir que tus datos est\u00e1n seguros, de acuerdo a lo que establece la ley.<\/p>\n<p class=\"font_8\"><span class=\"wixGuard\">\u200b<\/span><\/p>\n<p class=\"font_8\">NORMAS DE ACCESO AL SITIO WEB<\/p>\n<p class=\"font_8\">Como usuario de nuestra web, tambi\u00e9n tienes una serie de obligaciones:<\/p>\n<p class=\"font_8\">No podr\u00e1s utilizar este sitio web para la realizaci\u00f3n de actividades contrarias a las leyes, a la moral, al orden p\u00fablico y, en general, a hacer un uso conforme a las condiciones establecidas en el presente Aviso Legal.<\/p>\n<p class=\"font_8\">No podr\u00e1s realizar actividades publicitarias o de explotaci\u00f3n comercial remitiendo mensajes que utilicen una identidad falsa.<\/p>\n<p class=\"font_8\">T\u00fa ser\u00e1s el \u00fanico responsable de la veracidad y exactitud de los contenidos que introduzcas en esta web y de los datos personales que nos facilites con las finalidades previstas en nuestra Pol\u00edtica de Privacidad.<\/p>\n<p class=\"font_8\">Tambi\u00e9n ser\u00e1s el \u00fanico responsable de\u00a0la realizaci\u00f3n de cualquier tipo de actuaci\u00f3n il\u00edcita, lesiva de derechos, nociva y\/o perjudicial en los sitios de terceros a los que te podamos derivar desde este sitio web para el desarrollo de nuestra actividad.<\/p>\n<p class=\"font_8\">Como responsable del sitio web,\u00a0SPL CEO\u00a0podr\u00e1 interrumpir el servicio de la p\u00e1gina que est\u00e9 siendo utilizado por el usuario y resolver de modo inmediato la relaci\u00f3n si detecta un uso de la web o de cualquiera de los servicios que en la mismo se ofertan que pueda considerarse contrario a lo expresado en el presente Aviso Legal.<\/p>\n<p class=\"font_8\"><span class=\"wixGuard\">\u200b<\/span><\/p>\n<p class=\"font_8\">PROPIEDAD INTELECTUAL E INDUSTRIAL<\/p>\n<p class=\"font_8\">La totalidad de este sitio web (texto, im\u00e1genes, marcas, gr\u00e1ficos, logotipos, botones, archivos de software, combinaciones de colores, as\u00ed como la estructura, selecci\u00f3n, ordenaci\u00f3n y presentaci\u00f3n de sus contenidos) se encuentra protegida por las leyes vigente sobre Propiedad Intelectual e Industrial, quedando prohibida su reproducci\u00f3n, distribuci\u00f3n, comunicaci\u00f3n p\u00fablica y transformaci\u00f3n, salvo para uso personal y privado.<\/p>\n<p class=\"font_8\">Como titular de este sitio web,\u00a0SPL CEO\u00a0no garantiza que los contenidos sean precisos o libres de error o que el libre uso de los mismos por parte de los usuarios no infrinja los derechos de terceras partes. El buen o mal uso de esta p\u00e1gina y de sus contenidos es responsabilidad del usuario.<\/p>\n<p class=\"font_8\">Asimismo, queda prohibida la reproducci\u00f3n, retransmisi\u00f3n, copia, cesi\u00f3n o redifusi\u00f3n, total o parcial, de la informaci\u00f3n contenida en la p\u00e1gina, cualquiera que fuera su finalidad y el medio utilizado para ello, sin autorizaci\u00f3n previa de\u00a0SPL CEO.<\/p>\n<p class=\"font_8\"><span class=\"wixGuard\">\u200b<\/span><\/p>\n<p class=\"font_8\">ENLACES O LINKS<\/p>\n<p class=\"font_8\">Este sitio web incluye enlaces o links a sitios de terceros. Las p\u00e1ginas pertenecientes a estos terceros no han sido revisadas ni son objeto de controles por nuestra parte, por lo que\u00a0SPL CEO\u00a0no podr\u00e1 ser considerado responsable de los contenidos de estos sitios web, ni de las medidas que se adopten relativas a su privacidad o al tratamiento de sus datos de car\u00e1cter personal u otros que pudieran derivarse.<\/p>\n<p class=\"font_8\">Por todo ello, te recomendamos\u00a0la lectura detenida de las condiciones de uso, pol\u00edtica de privacidad, avisos legales y\/o similares de estos sitios.<\/p>\n<p class=\"font_8\"><span class=\"wixGuard\">\u200b<\/span><\/p>\n<p class=\"font_8\">LIMITACI\u00d3N DE RESPONSABILIDAD<\/p>\n<p class=\"font_8\">En ejercicio de su derecho como titular de esta web, te informamos de que\u00a0SPL CEO\u00a0no se hace responsable en ning\u00fan caso de lo siguiente:<\/p>\n<p class=\"font_8\">La calidad del servicio, la velocidad de acceso, el correcto funcionamiento ni la disponibilidad ni continuidad de funcionamiento de la p\u00e1gina.<\/p>\n<p class=\"font_8\">La existencia de virus, malware, programas maliciosos o da\u00f1inos en los contenidos.<\/p>\n<p class=\"font_8\">El uso il\u00edcito, negligente, fraudulento o contrario a este Aviso Legal.<\/p>\n<p class=\"font_8\">La falta de licitud, calidad, fiabilidad, utilidad y disponibilidad de los servicios prestados por terceros y puestos a disposici\u00f3n de los usuarios en este sitio web.<\/p>\n<p class=\"font_8\">De los da\u00f1os que pudieran provenir del uso ilegal o indebido de este blog.<\/p>\n<p class=\"font_8\"><span class=\"wixGuard\">\u200b<\/span><\/p>\n<p class=\"font_8\">POLITICA DE PRIVACIDAD Y PROTECCI\u00d3N DE DATOS<\/p>\n<p class=\"font_8\">Este sitio web cumple con la normativa vigente en materia de protecci\u00f3n de datos, lo que implica que, como usuario,\u00a0deber\u00e1s dar tu consentimiento expreso antes de facilitarnos datos personales a trav\u00e9s de los diferentes formularios puestos a disposici\u00f3n en las secciones de nuestra p\u00e1gina.<\/p>\n<p class=\"font_8\">Para ello, en aras de la transparencia y el ejercicio de tu derecho, nuestro deber es informarte sobre los datos personales que recabamos, almacenamos y tratamos y con qu\u00e9 finalidades, teniendo en cualquier momento la posibilidad de revocar libremente tu consentimiento.<\/p>\n<p class=\"font_8\">Toda esta informaci\u00f3n la podr\u00e1s encontrar en nuestra\u00a0<span><a href=\"https:\/\/www.splaudiosistemas.com\/politica-de-privacidad\/\" target=\"_blank\" rel=\"noopener\">POLITICA DE PRIVACIDAD<\/a><\/span>.<\/p>\n<p class=\"font_8\"><span class=\"wixGuard\">\u200b<\/span><\/p>\n<p class=\"font_8\">POL\u00cdTICA DE COOKIES<\/p>\n<p class=\"font_8\">Tal y como te informamos nada m\u00e1s acceder a nuestra web, este sitio utiliza cookies propias y de terceros con el objetivo de proporcionarte la mejor experiencia de usuario y desarrollar nuestra actividad.<\/p>\n<p class=\"font_8\">En cualquier momento, tendr\u00e1s la opci\u00f3n de configurar tu navegador para desestimar el uso de estas cookies que, en alg\u00fan caso, afectar\u00e1n a tu experiencia de usuario.<\/p>\n<p class=\"font_8\">Para acceder a la informaci\u00f3n completa sobre el uso de cookies en este sitio web, su finalidad y su desestimaci\u00f3n, puedes consultar nuestra\u00a0<span><a href=\"https:\/\/www.splaudiosistemas.com\/politica-de-cookies\/\" target=\"_blank\" rel=\"noopener\">POL\u00cdTICA DE COOKIES<\/a><\/span>.<\/p>\n<p class=\"font_8\"><span class=\"wixGuard\">\u200b<\/span><\/p>\n<p class=\"font_8\">LEGISLACI\u00d3N APLICABLE Y JURISDICCI\u00d3N COMPETENTE<\/p>\n<p class=\"font_8\">El presente Aviso Legal se encuentra sometido a la legislaci\u00f3n espa\u00f1ola vigente.<\/p>\n<p class=\"font_8\">En caso necesario, ante cualquier tipo de controversia de car\u00e1cter legal,\u00a0SPL CEO\u00a0y el usuario, con renuncia expresa a cualquier otro fuero, se someter\u00e1n a los Juzgados y Tribunales del domicilio del Usuario para cualquier controversia que pudiera derivarse.<\/p>\n<p class=\"font_8\"><span class=\"wixGuard\">\u200b<\/span><\/p>\n<p class=\"font_8\">En el caso de que el usuario tenga su domicilio fuera de Espa\u00f1a,\u00a0SPL CEO\u00a0y el usuario se someter\u00e1n, con renuncia expresa a cualquier otro fuero, a los juzgados y tribunales de M\u00e1laga (Espa\u00f1a).<\/p>\n<p class=\"font_8\">Si tienes cualquier duda sobre este Aviso Legal, puedes enviarnos un correo electr\u00f3nico a\u00a0<span><a href=\"mailto:info@splaudiosistemas.com\" target=\"_self\" rel=\"noopener\">info@splaudiosistemas.com<\/a><\/span><\/p>\n<p>[\/et_pb_text][\/et_pb_column][\/et_pb_row][\/et_pb_section]<\/p>\n","protected":false},"excerpt":{"rendered":"<p>Aviso LegalEste Aviso Legal tiene el objetivo de informarte de tus derechos y obligaciones como usuario de este sitio web. Aqu\u00ed encontrar\u00e1s toda la informaci\u00f3n que necesitas sobre este sitio web, su actividad, los datos personales que recaba y su finalidad, as\u00ed como las normas de uso que regulan el uso de esta web. En [&hellip;]<\/p>\n","protected":false},"author":1,"featured_media":0,"parent":0,"menu_order":0,"comment_status":"closed","ping_status":"closed","template":"","meta":{"_et_pb_use_builder":"on","_et_pb_old_content":"","_et_gb_content_width":"","footnotes":""},"class_list":["post-132","page","type-page","status-publish","hentry"],"_links":{"self":[{"href":"https:\/\/beta.splaudiosistemas.com\/index.php\/wp-json\/wp\/v2\/pages\/132","targetHints":{"allow":["GET"]}}],"collection":[{"href":"https:\/\/beta.splaudiosistemas.com\/index.php\/wp-json\/wp\/v2\/pages"}],"about":[{"href":"https:\/\/beta.splaudiosistemas.com\/index.php\/wp-json\/wp\/v2\/types\/page"}],"author":[{"embeddable":true,"href":"https:\/\/beta.splaudiosistemas.com\/index.php\/wp-json\/wp\/v2\/users\/1"}],"replies":[{"embeddable":true,"href":"https:\/\/beta.splaudiosistemas.com\/index.php\/wp-json\/wp\/v2\/comments?post=132"}],"version-history":[{"count":3,"href":"https:\/\/beta.splaudiosistemas.com\/index.php\/wp-json\/wp\/v2\/pages\/132\/revisions"}],"predecessor-version":[{"id":136,"href":"https:\/\/beta.splaudiosistemas.com\/index.php\/wp-json\/wp\/v2\/pages\/132\/revisions\/136"}],"wp:attachment":[{"href":"https:\/\/beta.splaudiosistemas.com\/index.php\/wp-json\/wp\/v2\/media?parent=132"}],"curies":[{"name":"wp","href":"https:\/\/api.w.org\/{rel}","templated":true}]}}